{"id":5200,"date":"2026-02-24T17:32:26","date_gmt":"2026-02-24T15:32:26","guid":{"rendered":"https:\/\/wanderbuehne.ch\/?page_id=5200"},"modified":"2026-04-15T16:22:51","modified_gmt":"2026-04-15T14:22:51","slug":"dr-christoph-frei-brennpunkte-04-08-2026","status":"publish","type":"page","link":"https:\/\/wanderbuehne.ch\/?page_id=5200","title":{"rendered":"Dr. Christoph  Frei &#8211; Brennpunkte &#8211; 04.08.2026"},"content":{"rendered":"\n<div class=\"wp-block-columns\">\n<div class=\"wp-block-column\" style=\"flex-basis:100%\">\n<div class=\"wp-block-image\"><figure class=\"alignleft size-full is-resized\"><a href=\"https:\/\/www.unisg.ch\/de\/newsroom\/die-hsg-hat-mir-viele-chancen-eroeffnet\/\" target=\"_blank\" rel=\"noopener\"><img loading=\"lazy\" src=\"https:\/\/wanderbuehne.ch\/wp-content\/uploads\/2026\/02\/Portraet-Christoph-Frei_small.png\" alt=\"\" class=\"wp-image-5195\" width=\"277\" height=\"374\" srcset=\"https:\/\/wanderbuehne.ch\/wp-content\/uploads\/2026\/02\/Portraet-Christoph-Frei_small.png 630w, https:\/\/wanderbuehne.ch\/wp-content\/uploads\/2026\/02\/Portraet-Christoph-Frei_small-222x300.png 222w\" sizes=\"(max-width: 277px) 100vw, 277px\" \/><\/a><\/figure><\/div>\n\n\n\n<p>Der emeritierte Professor f\u00fcr Politikwissenschaft referiert auf der Wanderb\u00fchne \u00fcber ein aktuelles Thema des&nbsp;Weltgeschehens.<\/p>\n\n\n\n<p>4. August 2026<br>Ap\u00e9ro ab 17:30 Uhr<br>Referat 19:00 Uhr<\/p>\n\n\n\n<p>Hofplatz Familie Holzer<br>Balgen 4<br>9315 Winden<\/p>\n\n\n\n<p>Preis: CHF 25.&#8211; \/ Mitglieder gratis<br>Kollekte f\u00fcr Essen und Getr\u00e4nke<\/p>\n\n\n\n<p>Parkpl\u00e4tze beschr\u00e4nkt!<br>Kulturklub Wanderb\u00fchne Egnach<\/p>\n\n\n\n<p><\/p>\n<\/div>\n<\/div>\n\n\n\n<p><\/p>\n","protected":false},"excerpt":{"rendered":"<p>Der emeritierte Professor f\u00fcr Politikwissenschaft referiert auf der Wanderb\u00fchne \u00fcber ein aktuelles Thema des&nbsp;Weltgeschehens. 4. August 2026Ap\u00e9ro ab 17:30 UhrReferat 19:00 Uhr Hofplatz Familie HolzerBalgen 49315 Winden Preis: CHF 25.&#8211; \/ Mitglieder gratisKollekte f\u00fcr Essen und Getr\u00e4nke Parkpl\u00e4tze beschr\u00e4nkt!Kulturklub Wanderb\u00fchne Egnach<\/p>\n","protected":false},"author":2,"featured_media":0,"parent":0,"menu_order":0,"comment_status":"closed","ping_status":"closed","template":"","meta":[],"categories":[],"tags":[],"_links":{"self":[{"href":"https:\/\/wanderbuehne.ch\/index.php?rest_route=\/wp\/v2\/pages\/5200"}],"collection":[{"href":"https:\/\/wanderbuehne.ch\/index.php?rest_route=\/wp\/v2\/pages"}],"about":[{"href":"https:\/\/wanderbuehne.ch\/index.php?rest_route=\/wp\/v2\/types\/page"}],"author":[{"embeddable":true,"href":"https:\/\/wanderbuehne.ch\/index.php?rest_route=\/wp\/v2\/users\/2"}],"replies":[{"embeddable":true,"href":"https:\/\/wanderbuehne.ch\/index.php?rest_route=%2Fwp%2Fv2%2Fcomments&post=5200"}],"version-history":[{"count":6,"href":"https:\/\/wanderbuehne.ch\/index.php?rest_route=\/wp\/v2\/pages\/5200\/revisions"}],"predecessor-version":[{"id":5261,"href":"https:\/\/wanderbuehne.ch\/index.php?rest_route=\/wp\/v2\/pages\/5200\/revisions\/5261"}],"wp:attachment":[{"href":"https:\/\/wanderbuehne.ch\/index.php?rest_route=%2Fwp%2Fv2%2Fmedia&parent=5200"}],"wp:term":[{"taxonomy":"category","embeddable":true,"href":"https:\/\/wanderbuehne.ch\/index.php?rest_route=%2Fwp%2Fv2%2Fcategories&post=5200"},{"taxonomy":"post_tag","embeddable":true,"href":"https:\/\/wanderbuehne.ch\/index.php?rest_route=%2Fwp%2Fv2%2Ftags&post=5200"}],"curies":[{"name":"wp","href":"https:\/\/api.w.org\/{rel}","templated":true}]}}