{"id":5061,"date":"2025-12-18T15:39:17","date_gmt":"2025-12-18T13:39:17","guid":{"rendered":"https:\/\/wanderbuehne.ch\/?page_id=5061"},"modified":"2026-04-15T16:21:42","modified_gmt":"2026-04-15T14:21:42","slug":"dead-flowers-freitag-10-juli-2026","status":"publish","type":"page","link":"https:\/\/wanderbuehne.ch\/?page_id=5061","title":{"rendered":"DEAD FLOWERS &#8211; Freitag, 17. Juli 2026"},"content":{"rendered":"\n<figure class=\"wp-block-image size-large is-resized\"><a href=\"https:\/\/deadflowers.ch\" target=\"_blank\" rel=\"noopener\"><img loading=\"lazy\" src=\"https:\/\/wanderbuehne.ch\/wp-content\/uploads\/2026\/03\/Dead-Flowers-Bandphoto-Nr.-1-2024-Promo-1024x834.jpg\" alt=\"\" class=\"wp-image-5219\" width=\"658\" height=\"536\" srcset=\"https:\/\/wanderbuehne.ch\/wp-content\/uploads\/2026\/03\/Dead-Flowers-Bandphoto-Nr.-1-2024-Promo-1024x834.jpg 1024w, https:\/\/wanderbuehne.ch\/wp-content\/uploads\/2026\/03\/Dead-Flowers-Bandphoto-Nr.-1-2024-Promo-300x244.jpg 300w, https:\/\/wanderbuehne.ch\/wp-content\/uploads\/2026\/03\/Dead-Flowers-Bandphoto-Nr.-1-2024-Promo-768x625.jpg 768w, https:\/\/wanderbuehne.ch\/wp-content\/uploads\/2026\/03\/Dead-Flowers-Bandphoto-Nr.-1-2024-Promo.jpg 1066w\" sizes=\"(max-width: 658px) 100vw, 658px\" \/><\/a><\/figure>\n\n\n\n<p><strong>DEAD FLOWERS @route66 beim Bahnhof Egnach<\/strong><br>Die Dead Flowers bringen Wildheit und Herz auf die B\u00fchne. Eine Mischung aus Eigen- und Cover-Interpretationen: Eine Vielfalt aus Folk, Country und Bluegrass. <br>Der Klang der Seiteninstrumente, der Mundharmonika und der verschmelzenden Gesangstimmen fegen den W\u00fcstenstaub von jeder B\u00fchne. <br>Die Latzhosen sitzen und die Stiefel sind poliert f\u00fcr das n\u00e4chste Konzert in Egnach:<\/p>\n\n\n\n<p><a rel=\"noreferrer noopener\" href=\"https:\/\/deadflowers.ch\/sound\/\" target=\"_blank\"><strong>SOUND<\/strong><\/a><\/p>\n\n\n\n<p><strong>Freitag, 17. Juli 2026:\u00a0\u00a0<\/strong><a rel=\"noreferrer noopener\" href=\"https:\/\/www.google.com\/maps\/place\/Station+9322,+Route+66\/@47.5438412,9.3807368,17z\/data=!3m1!4b1!4m6!3m5!1s0x479afd27d638c973:0xa2562a45f93eef68!8m2!3d47.5438412!4d9.3833117!16s%2Fg%2F11t3hysg5w?entry=ttu&amp;g_ep=EgoyMDI2MDIxMC4wIKXMDSoASAFQAw%3D%3D\" target=\"_blank\"><strong>Route 66<\/strong><\/a> beim Bahnhof, Station 9322 Egnach<br><br><strong>ab<\/strong> <strong>18:00 Uhr Nachtessen mit <strong>garantierter<\/strong><\/strong> <strong>Sitzplatzreservation (Konsumation auf eigene Rechnung<\/strong>)<br><strong>\u2013>\u00a0<a href=\"https:\/\/wanderbuehne.ch\/?page_id=2077\" data-type=\"page\" data-id=\"2077\">Anmeldung obligatorisch<\/a><\/strong><br><strong><br>20:00 Uhr Konzertbeginn<\/strong> (keine Tischreservation m\u00f6glich, Billette an der Abendkasse)<br>Eintritt Konzert: CHF 30 \/ Mitglieder kostenlos<\/p>\n\n\n\n<p>Kulturklub Wanderb\u00fchne Egnach<\/p>\n\n\n\n<p><\/p>\n","protected":false},"excerpt":{"rendered":"<p>DEAD FLOWERS @route66 beim Bahnhof EgnachDie Dead Flowers bringen Wildheit und Herz auf die B\u00fchne. Eine Mischung aus Eigen- und Cover-Interpretationen: Eine Vielfalt aus Folk, Country und Bluegrass. Der Klang der Seiteninstrumente, der Mundharmonika und der verschmelzenden Gesangstimmen fegen den W\u00fcstenstaub von jeder B\u00fchne. Die Latzhosen sitzen und die Stiefel sind poliert f\u00fcr das n\u00e4chste&#8230;<\/p>\n<p class=\"more-link\"><a href=\"https:\/\/wanderbuehne.ch\/?page_id=5061\" class=\"\"><span>Read More<\/span><i>&#43;<\/i><\/a><\/p>\n","protected":false},"author":2,"featured_media":0,"parent":0,"menu_order":0,"comment_status":"closed","ping_status":"closed","template":"","meta":[],"categories":[],"tags":[],"_links":{"self":[{"href":"https:\/\/wanderbuehne.ch\/index.php?rest_route=\/wp\/v2\/pages\/5061"}],"collection":[{"href":"https:\/\/wanderbuehne.ch\/index.php?rest_route=\/wp\/v2\/pages"}],"about":[{"href":"https:\/\/wanderbuehne.ch\/index.php?rest_route=\/wp\/v2\/types\/page"}],"author":[{"embeddable":true,"href":"https:\/\/wanderbuehne.ch\/index.php?rest_route=\/wp\/v2\/users\/2"}],"replies":[{"embeddable":true,"href":"https:\/\/wanderbuehne.ch\/index.php?rest_route=%2Fwp%2Fv2%2Fcomments&post=5061"}],"version-history":[{"count":26,"href":"https:\/\/wanderbuehne.ch\/index.php?rest_route=\/wp\/v2\/pages\/5061\/revisions"}],"predecessor-version":[{"id":5260,"href":"https:\/\/wanderbuehne.ch\/index.php?rest_route=\/wp\/v2\/pages\/5061\/revisions\/5260"}],"wp:attachment":[{"href":"https:\/\/wanderbuehne.ch\/index.php?rest_route=%2Fwp%2Fv2%2Fmedia&parent=5061"}],"wp:term":[{"taxonomy":"category","embeddable":true,"href":"https:\/\/wanderbuehne.ch\/index.php?rest_route=%2Fwp%2Fv2%2Fcategories&post=5061"},{"taxonomy":"post_tag","embeddable":true,"href":"https:\/\/wanderbuehne.ch\/index.php?rest_route=%2Fwp%2Fv2%2Ftags&post=5061"}],"curies":[{"name":"wp","href":"https:\/\/api.w.org\/{rel}","templated":true}]}}