{"id":341,"date":"2017-10-13T18:35:34","date_gmt":"2017-10-13T16:35:34","guid":{"rendered":"https:\/\/xn--wanderbhne-geb.ch\/wordpress\/?page_id=341"},"modified":"2022-12-07T18:40:50","modified_gmt":"2022-12-07T16:40:50","slug":"goenner-2","status":"publish","type":"page","link":"https:\/\/wanderbuehne.ch\/?page_id=341","title":{"rendered":"Mitglieder \/ Sponsoren"},"content":{"rendered":"<p>Der Kulturklub Wanderb\u00fchne Egnach finanziert sich haupts\u00e4chlich durch G\u00f6nnerbeitr\u00e4ge, Sponsoring von Privatpersonen und Firmen, Zusch\u00fcssen von gemeinn\u00fctzigen Organisationen und dem Verkauf von Eintrittskarten.<\/p>\n<p><em><strong>Als Mitglied unterst\u00fctzen Sie den Kulturklub mit einem j\u00e4hrlichen Beitrag und erhalten dadurch kostenlosen Eintritt an s\u00e4mtliche Veranstaltungen des Kulturklubs Wanderb\u00fchne Egnach.<\/strong><\/em><\/p>\n<blockquote><p>Einzelmitglieder CH 100 \/ Jahr<br \/>\nPartnermitglieder CHF 150 \/ Jahr<br \/>\nDauermitglieder einmalig CHF 999<br \/>\n<strong><a href=\"https:\/\/wanderbuehne.ch\/?page_id=699\">Sponsoren<\/a><\/strong><\/p><\/blockquote>\n<h3><a href=\"https:\/\/wanderbuehne.ch\/?page_id=357\"><strong>ich m\u00f6chte Mitglied\/Sponsor werden &#8230;<\/strong><\/a><\/h3>\n<h4><a href=\"https:\/\/wanderbuehne.ch\/?page_id=254\"><img loading=\"lazy\" class=\"alignnone size-medium wp-image-689\" src=\"https:\/\/wanderbuehne.ch\/wp-content\/uploads\/2017\/10\/G\u00f6nnerst\u00fchle-1-300x200.jpg\" alt=\"\" width=\"300\" height=\"200\" srcset=\"https:\/\/wanderbuehne.ch\/wp-content\/uploads\/2017\/10\/G\u00f6nnerst\u00fchle-1-300x200.jpg 300w, https:\/\/wanderbuehne.ch\/wp-content\/uploads\/2017\/10\/G\u00f6nnerst\u00fchle-1-380x254.jpg 380w, https:\/\/wanderbuehne.ch\/wp-content\/uploads\/2017\/10\/G\u00f6nnerst\u00fchle-1-285x190.jpg 285w, https:\/\/wanderbuehne.ch\/wp-content\/uploads\/2017\/10\/G\u00f6nnerst\u00fchle-1.jpg 500w\" sizes=\"(max-width: 300px) 100vw, 300px\" \/><br \/>\nzu den G\u00f6nnerst\u00fchlen<\/a><\/h4>\n","protected":false},"excerpt":{"rendered":"<p>Der Kulturklub Wanderb\u00fchne Egnach finanziert sich haupts\u00e4chlich durch G\u00f6nnerbeitr\u00e4ge, Sponsoring von Privatpersonen und Firmen, Zusch\u00fcssen von gemeinn\u00fctzigen Organisationen und dem Verkauf von Eintrittskarten. Als Mitglied unterst\u00fctzen Sie den Kulturklub mit einem j\u00e4hrlichen Beitrag und erhalten dadurch kostenlosen Eintritt an s\u00e4mtliche Veranstaltungen des Kulturklubs Wanderb\u00fchne Egnach. Einzelmitglieder CH 100 \/ Jahr Partnermitglieder CHF 150 \/ Jahr&#8230;<\/p>\n<p class=\"more-link\"><a href=\"https:\/\/wanderbuehne.ch\/?page_id=341\" class=\"\"><span>Read More<\/span><i>&#43;<\/i><\/a><\/p>\n","protected":false},"author":1,"featured_media":0,"parent":0,"menu_order":0,"comment_status":"closed","ping_status":"closed","template":"","meta":[],"categories":[],"tags":[],"_links":{"self":[{"href":"https:\/\/wanderbuehne.ch\/index.php?rest_route=\/wp\/v2\/pages\/341"}],"collection":[{"href":"https:\/\/wanderbuehne.ch\/index.php?rest_route=\/wp\/v2\/pages"}],"about":[{"href":"https:\/\/wanderbuehne.ch\/index.php?rest_route=\/wp\/v2\/types\/page"}],"author":[{"embeddable":true,"href":"https:\/\/wanderbuehne.ch\/index.php?rest_route=\/wp\/v2\/users\/1"}],"replies":[{"embeddable":true,"href":"https:\/\/wanderbuehne.ch\/index.php?rest_route=%2Fwp%2Fv2%2Fcomments&post=341"}],"version-history":[{"count":32,"href":"https:\/\/wanderbuehne.ch\/index.php?rest_route=\/wp\/v2\/pages\/341\/revisions"}],"predecessor-version":[{"id":2992,"href":"https:\/\/wanderbuehne.ch\/index.php?rest_route=\/wp\/v2\/pages\/341\/revisions\/2992"}],"wp:attachment":[{"href":"https:\/\/wanderbuehne.ch\/index.php?rest_route=%2Fwp%2Fv2%2Fmedia&parent=341"}],"wp:term":[{"taxonomy":"category","embeddable":true,"href":"https:\/\/wanderbuehne.ch\/index.php?rest_route=%2Fwp%2Fv2%2Fcategories&post=341"},{"taxonomy":"post_tag","embeddable":true,"href":"https:\/\/wanderbuehne.ch\/index.php?rest_route=%2Fwp%2Fv2%2Ftags&post=341"}],"curies":[{"name":"wp","href":"https:\/\/api.w.org\/{rel}","templated":true}]}}