{"id":113,"date":"2017-10-09T22:44:21","date_gmt":"2017-10-09T20:44:21","guid":{"rendered":"https:\/\/xn--wanderbhne-geb.ch\/wordpress\/?page_id=113"},"modified":"2026-01-30T16:12:51","modified_gmt":"2026-01-30T14:12:51","slug":"startseite-von-alfi","status":"publish","type":"page","link":"https:\/\/wanderbuehne.ch\/","title":{"rendered":"Kulturklub Wanderb\u00fchne Egnach"},"content":{"rendered":"<p style=\"text-align: left;\"><strong>Der Kulturklub Wanderb\u00fchne Egnach macht sich zur Aufgabe, einheimischen und ausw\u00e4rtigen K\u00fcnstlern eine Plattform zu bieten.<br \/>\n<\/strong>Er widmet sich allen Sparten des Kulturschaffens wie Musik, bildende Kunst, B\u00fchnendarstellungen, Lesungen usw. Die Anl\u00e4sse finden in der Regel in Lokalit\u00e4ten innerhalb der Gemeinde Egnach statt.<\/p>\n<div id=\"attachment_25129\" style=\"width: 120px\" class=\"wp-caption alignleft\"><a href=\"https:\/\/gemeinde-schweiz.ch\/kanton-thurgau\/egnach\/\"><img aria-describedby=\"caption-attachment-25129\" loading=\"lazy\" class=\"wp-image-25129\" src=\"https:\/\/wanderbuehne.ch\/wp-content\/uploads\/2026\/01\/Logo-Gemeinde.png\" alt=\"\" width=\"164\" height=\"73\"><p id=\"caption-attachment-25129\" class=\"wp-caption-text\"><br \/><\/a>Gemeinde-Infoseite Egnach<\/p><\/div>\n<div id=\"attachment_2323\" style=\"width: 120px\" class=\"wp-caption alignleft\"><a href=\"https:\/\/wanderbuehne.ch\/?page_id=341\"><img aria-describedby=\"caption-attachment-2323\" loading=\"lazy\" class=\"wp-image-2323\" src=\"https:\/\/wanderbuehne.ch\/wp-content\/uploads\/2021\/08\/The-TWO-Blues-am-Balger-Weiher-11-150x150.jpg\" alt=\"\" width=\"110\" height=\"110\" srcset=\"https:\/\/wanderbuehne.ch\/wp-content\/uploads\/2021\/08\/The-TWO-Blues-am-Balger-Weiher-11-150x150.jpg 150w, https:\/\/wanderbuehne.ch\/wp-content\/uploads\/2021\/08\/The-TWO-Blues-am-Balger-Weiher-11-570x570.jpg 570w, https:\/\/wanderbuehne.ch\/wp-content\/uploads\/2021\/08\/The-TWO-Blues-am-Balger-Weiher-11-380x380.jpg 380w, https:\/\/wanderbuehne.ch\/wp-content\/uploads\/2021\/08\/The-TWO-Blues-am-Balger-Weiher-11-285x285.jpg 285w\" sizes=\"(max-width: 110px) 100vw, 110px\" \/><\/a><p id=\"caption-attachment-2323\" class=\"wp-caption-text\">Mitglied werden<\/p><\/div>\n<div id=\"attachment_717\" style=\"width: 120px\" class=\"wp-caption alignleft\"><a href=\"https:\/\/wanderbuehne.ch\/?page_id=254\"><img aria-describedby=\"caption-attachment-717\" loading=\"lazy\" class=\"  wp-image-717\" src=\"https:\/\/wanderbuehne.ch\/wp-content\/uploads\/2017\/10\/ohne-Vorstand-150x150.jpg\" alt=\"\" width=\"110\" height=\"110\" srcset=\"https:\/\/wanderbuehne.ch\/wp-content\/uploads\/2017\/10\/ohne-Vorstand-150x150.jpg 150w, https:\/\/wanderbuehne.ch\/wp-content\/uploads\/2017\/10\/ohne-Vorstand-285x285.jpg 285w\" sizes=\"(max-width: 110px) 100vw, 110px\" \/><\/a><p id=\"caption-attachment-717\" class=\"wp-caption-text\">G\u00f6nnerst\u00fchle &nbsp; &nbsp; &nbsp; &nbsp; &nbsp; &nbsp;<\/p><\/div>\n","protected":false},"excerpt":{"rendered":"<p>Der Kulturklub Wanderb\u00fchne Egnach macht sich zur Aufgabe, einheimischen und ausw\u00e4rtigen K\u00fcnstlern eine Plattform zu bieten. Er widmet sich allen Sparten des Kulturschaffens wie Musik, bildende Kunst, B\u00fchnendarstellungen, Lesungen usw. Die Anl\u00e4sse finden in der Regel in Lokalit\u00e4ten innerhalb der Gemeinde Egnach statt.<\/p>\n","protected":false},"author":1,"featured_media":0,"parent":0,"menu_order":0,"comment_status":"closed","ping_status":"closed","template":"","meta":[],"categories":[],"tags":[],"_links":{"self":[{"href":"https:\/\/wanderbuehne.ch\/index.php?rest_route=\/wp\/v2\/pages\/113"}],"collection":[{"href":"https:\/\/wanderbuehne.ch\/index.php?rest_route=\/wp\/v2\/pages"}],"about":[{"href":"https:\/\/wanderbuehne.ch\/index.php?rest_route=\/wp\/v2\/types\/page"}],"author":[{"embeddable":true,"href":"https:\/\/wanderbuehne.ch\/index.php?rest_route=\/wp\/v2\/users\/1"}],"replies":[{"embeddable":true,"href":"https:\/\/wanderbuehne.ch\/index.php?rest_route=%2Fwp%2Fv2%2Fcomments&post=113"}],"version-history":[{"count":130,"href":"https:\/\/wanderbuehne.ch\/index.php?rest_route=\/wp\/v2\/pages\/113\/revisions"}],"predecessor-version":[{"id":5141,"href":"https:\/\/wanderbuehne.ch\/index.php?rest_route=\/wp\/v2\/pages\/113\/revisions\/5141"}],"wp:attachment":[{"href":"https:\/\/wanderbuehne.ch\/index.php?rest_route=%2Fwp%2Fv2%2Fmedia&parent=113"}],"wp:term":[{"taxonomy":"category","embeddable":true,"href":"https:\/\/wanderbuehne.ch\/index.php?rest_route=%2Fwp%2Fv2%2Fcategories&post=113"},{"taxonomy":"post_tag","embeddable":true,"href":"https:\/\/wanderbuehne.ch\/index.php?rest_route=%2Fwp%2Fv2%2Ftags&post=113"}],"curies":[{"name":"wp","href":"https:\/\/api.w.org\/{rel}","templated":true}]}}